{"id":7097,"date":"2020-10-01T17:04:31","date_gmt":"2020-10-01T15:04:31","guid":{"rendered":"https:\/\/www.reisetipps24.eu\/?page_id=7097"},"modified":"2026-04-16T16:57:06","modified_gmt":"2026-04-16T14:57:06","slug":"club-reisen","status":"publish","type":"page","link":"https:\/\/www.reisetipps24.eu\/club-reisen","title":{"rendered":"Club &amp; Gruppen Reisen"},"content":{"rendered":"\t\t<div data-elementor-type=\"wp-page\" data-elementor-id=\"7097\" class=\"elementor elementor-7097\" data-elementor-post-type=\"page\">\n\t\t\t\t\t\t<section class=\"elementor-section elementor-top-section elementor-element elementor-element-6f333d3 elementor-section-boxed elementor-section-height-default elementor-section-height-default\" data-id=\"6f333d3\" data-element_type=\"section\" data-e-type=\"section\">\n\t\t\t\t\t\t<div class=\"elementor-container elementor-column-gap-default\">\n\t\t\t\t\t<div class=\"elementor-column elementor-col-100 elementor-top-column elementor-element elementor-element-9e8c2f4\" data-id=\"9e8c2f4\" data-element_type=\"column\" data-e-type=\"column\">\n\t\t\t<div class=\"elementor-widget-wrap elementor-element-populated\">\n\t\t\t\t\t\t<div class=\"elementor-element elementor-element-e3355e1 elementor-widget elementor-widget-image\" data-id=\"e3355e1\" data-element_type=\"widget\" data-e-type=\"widget\" data-widget_type=\"image.default\">\n\t\t\t\t<div class=\"elementor-widget-container\">\n\t\t\t\t\t\t\t\t\t\t\t\t\t\t\t<img decoding=\"async\" src=\"https:\/\/www.reisetipps24.eu\/wp-content\/uploads\/elementor\/thumbs\/20191013_084017-scaled-rjmfw25v57b6ncxki7evodtkexujhipnxdslx6n6kw.jpg\" title=\"20191013_084017\" alt=\"20191013_084017\" loading=\"lazy\" \/>\t\t\t\t\t\t\t\t\t\t\t\t\t\t\t<\/div>\n\t\t\t\t<\/div>\n\t\t\t\t\t<\/div>\n\t\t<\/div>\n\t\t\t\t\t<\/div>\n\t\t<\/section>\n\t\t\t\t<section class=\"elementor-section elementor-top-section elementor-element elementor-element-aa53cbd elementor-section-boxed elementor-section-height-default elementor-section-height-default\" data-id=\"aa53cbd\" data-element_type=\"section\" data-e-type=\"section\">\n\t\t\t\t\t\t<div class=\"elementor-container elementor-column-gap-default\">\n\t\t\t\t\t<div class=\"elementor-column elementor-col-100 elementor-top-column elementor-element elementor-element-e428a2f\" data-id=\"e428a2f\" data-element_type=\"column\" data-e-type=\"column\">\n\t\t\t<div class=\"elementor-widget-wrap elementor-element-populated\">\n\t\t\t\t\t\t<div class=\"elementor-element elementor-element-38fc3b0 elementor-widget elementor-widget-text-editor\" data-id=\"38fc3b0\" data-element_type=\"widget\" data-e-type=\"widget\" data-widget_type=\"text-editor.default\">\n\t\t\t\t<div class=\"elementor-widget-container\">\n\t\t\t\t\t\t\t\t\t<p><!-- START ADVERTISER: TUI Magic Life DE from awin.com --><\/p><p><a href=\"https:\/\/www.awin1.com\/cread.php?s=2538312&amp;v=15933&amp;q=378815&amp;r=662687\" target=\"_blank\" rel=\"noopener sponsored\"><img fetchpriority=\"high\" decoding=\"async\" class=\"aligncenter\" src=\"https:\/\/www.awin1.com\/cshow.php?s=2538312&amp;v=15933&amp;q=378815&amp;r=662687\" alt=\"\" width=\"970\" height=\"250\" border=\"0\" \/><br \/><\/a><\/p><p><!-- END ADVERTISER: TUI Magic Life DE from awin.com --><\/p>\t\t\t\t\t\t\t\t<\/div>\n\t\t\t\t<\/div>\n\t\t\t\t\t<\/div>\n\t\t<\/div>\n\t\t\t\t\t<\/div>\n\t\t<\/section>\n\t\t\t\t<section class=\"elementor-section elementor-top-section elementor-element elementor-element-a68e4cd elementor-section-boxed elementor-section-height-default elementor-section-height-default\" data-id=\"a68e4cd\" data-element_type=\"section\" data-e-type=\"section\">\n\t\t\t\t\t\t<div class=\"elementor-container elementor-column-gap-default\">\n\t\t\t\t\t<div class=\"elementor-column elementor-col-100 elementor-top-column elementor-element elementor-element-130f6b3\" data-id=\"130f6b3\" data-element_type=\"column\" data-e-type=\"column\">\n\t\t\t<div class=\"elementor-widget-wrap elementor-element-populated\">\n\t\t\t\t\t\t<div class=\"elementor-element elementor-element-7a9732b elementor-widget elementor-widget-text-editor\" data-id=\"7a9732b\" data-element_type=\"widget\" data-e-type=\"widget\" data-widget_type=\"text-editor.default\">\n\t\t\t\t<div class=\"elementor-widget-container\">\n\t\t\t\t\t\t\t\t\t<p><b style=\"font-size: 1rem;\">\u00a0Cluburlaub f\u00fcr Gruppen bei TUI, die Action mit Erholung verbinden<\/b><\/p><p>Cluburlaub ist die gelungene Mischung aus erholenden und aktionsreichen Elementen. Traumkulissen, nette Menschen, tolle Wellness- und Unterhaltungsprogramme sowie hervorragende kulinarische K\u00f6stlichkeiten bereichern den gemeinsamen Urlaub.<\/p><p>Sei es Urlaub mit der Clique, den Kollegen oder zum bestandenen Abi auf Mallorca, in der T\u00fcrkei, in Hamburg oder in der Ferne &#8211; jeder kommt mit seinen ganz individuellen Bed\u00fcrfnissen auf seine Kosten. Besonders ist die ungezwungene Atmosph\u00e4re, die alle M\u00f6glichkeiten bietet, aber auch jeden Freiraum l\u00e4sst.<\/p>\t\t\t\t\t\t\t\t<\/div>\n\t\t\t\t<\/div>\n\t\t\t\t\t<\/div>\n\t\t<\/div>\n\t\t\t\t\t<\/div>\n\t\t<\/section>\n\t\t\t\t<section class=\"elementor-section elementor-top-section elementor-element elementor-element-0f98aa3 elementor-section-boxed elementor-section-height-default elementor-section-height-default\" data-id=\"0f98aa3\" data-element_type=\"section\" data-e-type=\"section\">\n\t\t\t\t\t\t<div class=\"elementor-container elementor-column-gap-default\">\n\t\t\t\t\t<div class=\"elementor-column elementor-col-50 elementor-top-column elementor-element elementor-element-88bbeee\" data-id=\"88bbeee\" data-element_type=\"column\" data-e-type=\"column\">\n\t\t\t<div class=\"elementor-widget-wrap elementor-element-populated\">\n\t\t\t\t\t\t<div class=\"elementor-element elementor-element-5f4afac elementor-widget elementor-widget-video\" data-id=\"5f4afac\" data-element_type=\"widget\" data-e-type=\"widget\" data-settings=\"{&quot;youtube_url&quot;:&quot;https:\\\/\\\/www.youtube.com\\\/watch?v=9foD4zAKru0&quot;,&quot;video_type&quot;:&quot;youtube&quot;,&quot;controls&quot;:&quot;yes&quot;}\" data-widget_type=\"video.default\">\n\t\t\t\t<div class=\"elementor-widget-container\">\n\t\t\t\t\t\t\t<div class=\"elementor-wrapper elementor-open-inline\">\n\t\t\t<div class=\"elementor-video\"><\/div>\t\t<\/div>\n\t\t\t\t\t\t<\/div>\n\t\t\t\t<\/div>\n\t\t\t\t\t<\/div>\n\t\t<\/div>\n\t\t\t\t<div class=\"elementor-column elementor-col-50 elementor-top-column elementor-element elementor-element-655a03d\" data-id=\"655a03d\" data-element_type=\"column\" data-e-type=\"column\">\n\t\t\t<div class=\"elementor-widget-wrap elementor-element-populated\">\n\t\t\t\t\t\t<div class=\"elementor-element elementor-element-cfd2331 elementor-widget elementor-widget-video\" data-id=\"cfd2331\" data-element_type=\"widget\" data-e-type=\"widget\" data-settings=\"{&quot;youtube_url&quot;:&quot;https:\\\/\\\/www.youtube.com\\\/watch?v=GwjJkotnEuE&quot;,&quot;video_type&quot;:&quot;youtube&quot;,&quot;controls&quot;:&quot;yes&quot;}\" data-widget_type=\"video.default\">\n\t\t\t\t<div class=\"elementor-widget-container\">\n\t\t\t\t\t\t\t<div class=\"elementor-wrapper elementor-open-inline\">\n\t\t\t<div class=\"elementor-video\"><\/div>\t\t<\/div>\n\t\t\t\t\t\t<\/div>\n\t\t\t\t<\/div>\n\t\t\t\t\t<\/div>\n\t\t<\/div>\n\t\t\t\t\t<\/div>\n\t\t<\/section>\n\t\t\t\t<section class=\"elementor-section elementor-top-section elementor-element elementor-element-41384a51 elementor-section-content-middle elementor-section-boxed elementor-section-height-default elementor-section-height-default\" data-id=\"41384a51\" data-element_type=\"section\" data-e-type=\"section\" data-settings=\"{&quot;background_background&quot;:&quot;classic&quot;}\">\n\t\t\t\t\t\t<div class=\"elementor-container elementor-column-gap-default\">\n\t\t\t\t\t<div class=\"elementor-column elementor-col-50 elementor-top-column elementor-element elementor-element-bd68b2a\" data-id=\"bd68b2a\" data-element_type=\"column\" data-e-type=\"column\">\n\t\t\t<div class=\"elementor-widget-wrap elementor-element-populated\">\n\t\t\t\t\t\t<div class=\"elementor-element elementor-element-4b3c360e elementor-widget elementor-widget-heading\" data-id=\"4b3c360e\" data-element_type=\"widget\" data-e-type=\"widget\" data-widget_type=\"heading.default\">\n\t\t\t\t<div class=\"elementor-widget-container\">\n\t\t\t\t\t<h3 class=\"elementor-heading-title elementor-size-default\"><a href=\"https:\/\/www.reisetipps24.eu\/\" target=\"_blank\">Ihr Traumurlaub ist da<\/a><\/h3>\t\t\t\t<\/div>\n\t\t\t\t<\/div>\n\t\t\t\t\t<\/div>\n\t\t<\/div>\n\t\t\t\t<div class=\"elementor-column elementor-col-50 elementor-top-column elementor-element elementor-element-5de7a9f2\" data-id=\"5de7a9f2\" data-element_type=\"column\" data-e-type=\"column\">\n\t\t\t<div class=\"elementor-widget-wrap elementor-element-populated\">\n\t\t\t\t\t\t<div class=\"elementor-element elementor-element-3034ed37 elementor-align-center elementor-mobile-align-center elementor-button-info elementor-widget elementor-widget-button\" data-id=\"3034ed37\" data-element_type=\"widget\" data-e-type=\"widget\" data-widget_type=\"button.default\">\n\t\t\t\t<div class=\"elementor-widget-container\">\n\t\t\t\t\t\t\t\t\t<div class=\"elementor-button-wrapper\">\n\t\t\t\t\t<a class=\"elementor-button elementor-button-link elementor-size-lg\" href=\"https:\/\/www.reisetipps24.eu\/beliebte-ziele\" target=\"_blank\">\n\t\t\t\t\t\t<span class=\"elementor-button-content-wrapper\">\n\t\t\t\t\t\t<span class=\"elementor-button-icon\">\n\t\t\t\t<i aria-hidden=\"true\" class=\"fas fa-angle-double-right\"><\/i>\t\t\t<\/span>\n\t\t\t\t\t\t\t\t\t<span class=\"elementor-button-text\">HIER GEHTS LOS<\/span>\n\t\t\t\t\t<\/span>\n\t\t\t\t\t<\/a>\n\t\t\t\t<\/div>\n\t\t\t\t\t\t\t\t<\/div>\n\t\t\t\t<\/div>\n\t\t\t\t\t<\/div>\n\t\t<\/div>\n\t\t\t\t\t<\/div>\n\t\t<\/section>\n\t\t\t\t<section class=\"elementor-section elementor-top-section elementor-element elementor-element-1e435b7a elementor-section-content-middle elementor-section-boxed elementor-section-height-default elementor-section-height-default\" data-id=\"1e435b7a\" data-element_type=\"section\" data-e-type=\"section\" data-settings=\"{&quot;background_background&quot;:&quot;classic&quot;}\">\n\t\t\t\t\t\t<div class=\"elementor-container elementor-column-gap-default\">\n\t\t\t\t\t<div class=\"elementor-column elementor-col-50 elementor-top-column elementor-element elementor-element-5d0b1129\" data-id=\"5d0b1129\" data-element_type=\"column\" data-e-type=\"column\">\n\t\t\t<div class=\"elementor-widget-wrap elementor-element-populated\">\n\t\t\t\t\t\t<div class=\"elementor-element elementor-element-7b0cb6e2 elementor-widget elementor-widget-heading\" data-id=\"7b0cb6e2\" data-element_type=\"widget\" data-e-type=\"widget\" data-widget_type=\"heading.default\">\n\t\t\t\t<div class=\"elementor-widget-container\">\n\t\t\t\t\t<h3 class=\"elementor-heading-title elementor-size-default\"><a href=\"http:\/\/Genie\u00dfen%20Sie%20Ihren%20n\u00e4chsten%20Urlaub\" target=\"_blank\">Genie\u00dfen Sie Ihren n\u00e4chsten Urlaub<\/a><\/h3>\t\t\t\t<\/div>\n\t\t\t\t<\/div>\n\t\t\t\t\t<\/div>\n\t\t<\/div>\n\t\t\t\t<div class=\"elementor-column elementor-col-50 elementor-top-column elementor-element elementor-element-58f460d4\" data-id=\"58f460d4\" data-element_type=\"column\" data-e-type=\"column\">\n\t\t\t<div class=\"elementor-widget-wrap elementor-element-populated\">\n\t\t\t\t\t\t<div class=\"elementor-element elementor-element-200112bd elementor-align-center elementor-mobile-align-center elementor-widget elementor-widget-button\" data-id=\"200112bd\" data-element_type=\"widget\" data-e-type=\"widget\" data-widget_type=\"button.default\">\n\t\t\t\t<div class=\"elementor-widget-container\">\n\t\t\t\t\t\t\t\t\t<div class=\"elementor-button-wrapper\">\n\t\t\t\t\t<a class=\"elementor-button elementor-button-link elementor-size-lg\" href=\"https:\/\/www.reisetipps24.eu\/kreuzfahrten\/\" target=\"_blank\">\n\t\t\t\t\t\t<span class=\"elementor-button-content-wrapper\">\n\t\t\t\t\t\t<span class=\"elementor-button-icon\">\n\t\t\t\t<i aria-hidden=\"true\" class=\"fas fa-angle-double-right\"><\/i>\t\t\t<\/span>\n\t\t\t\t\t\t\t\t\t<span class=\"elementor-button-text\">Entspannen &amp; Erholen<\/span>\n\t\t\t\t\t<\/span>\n\t\t\t\t\t<\/a>\n\t\t\t\t<\/div>\n\t\t\t\t\t\t\t\t<\/div>\n\t\t\t\t<\/div>\n\t\t\t\t\t<\/div>\n\t\t<\/div>\n\t\t\t\t\t<\/div>\n\t\t<\/section>\n\t\t\t\t<section class=\"elementor-section elementor-top-section elementor-element elementor-element-c3f88e0 elementor-section-boxed elementor-section-height-default elementor-section-height-default\" data-id=\"c3f88e0\" data-element_type=\"section\" data-e-type=\"section\">\n\t\t\t\t\t\t<div class=\"elementor-container elementor-column-gap-default\">\n\t\t\t\t\t<div class=\"elementor-column elementor-col-100 elementor-top-column elementor-element elementor-element-ec32567\" data-id=\"ec32567\" data-element_type=\"column\" data-e-type=\"column\">\n\t\t\t<div class=\"elementor-widget-wrap elementor-element-populated\">\n\t\t\t\t\t\t<div class=\"elementor-element elementor-element-06febdf elementor-widget elementor-widget-text-editor\" data-id=\"06febdf\" data-element_type=\"widget\" data-e-type=\"widget\" data-widget_type=\"text-editor.default\">\n\t\t\t\t<div class=\"elementor-widget-container\">\n\t\t\t\t\t\t\t\t\t<h6>Robinson.com<br \/>ROBINSON ist Deutschlands Premiumanbieter f\u00fcr erstklassigen Cluburlaub. Bei ROBINSON finden G\u00e4ste alles, was einen unbeschwerten Urlaub ausmacht: Wundersch\u00f6ne Anlagen in landestypischer Architektur umgeben von einzigartiger Natur, hervorragendes Essen mit abwechslungsreichen Spezialrestaurants und hochwertigen Spirituosen und einem perfekten 4 Sterne-Service. Die Auswahl an vielf\u00e4ltigen Sport- und Wellness-Aktivit\u00e4ten sowie unterhaltsamen Events runden das ROBINSON Angebot ab. Unsere Besucher erleben ihren ganz pers\u00f6nlichen Traumurlaub am Meer, in den Bergen und an Seen \u2013 zu zweit, allein oder mit der Familie<\/h6>\t\t\t\t\t\t\t\t<\/div>\n\t\t\t\t<\/div>\n\t\t\t\t\t<\/div>\n\t\t<\/div>\n\t\t\t\t\t<\/div>\n\t\t<\/section>\n\t\t\t\t<section class=\"elementor-section elementor-top-section elementor-element elementor-element-f0c7c94 elementor-section-boxed elementor-section-height-default elementor-section-height-default\" data-id=\"f0c7c94\" data-element_type=\"section\" data-e-type=\"section\">\n\t\t\t\t\t\t<div class=\"elementor-container elementor-column-gap-default\">\n\t\t\t\t\t<div class=\"elementor-column elementor-col-100 elementor-top-column elementor-element elementor-element-f5333bf\" data-id=\"f5333bf\" data-element_type=\"column\" data-e-type=\"column\">\n\t\t\t<div class=\"elementor-widget-wrap elementor-element-populated\">\n\t\t\t\t\t\t<div class=\"elementor-element elementor-element-2075eb5 elementor-widget elementor-widget-text-editor\" data-id=\"2075eb5\" data-element_type=\"widget\" data-e-type=\"widget\" data-widget_type=\"text-editor.default\">\n\t\t\t\t<div class=\"elementor-widget-container\">\n\t\t\t\t\t\t\t\t\t<p><!-- START ADVERTISER: Robinson.com DE from awin.com --><\/p><p><a href=\"https:\/\/www.awin1.com\/cread.php?s=2474367&amp;v=14910&amp;q=364991&amp;r=662687\" target=\"_blank\" rel=\"noopener sponsored\"><img decoding=\"async\" class=\"aligncenter\" src=\"https:\/\/www.awin1.com\/cshow.php?s=2474367&amp;v=14910&amp;q=364991&amp;r=662687\" alt=\"\" width=\"970\" height=\"250\" border=\"0\" \/><\/a><\/p><p><!-- END ADVERTISER: Robinson.com DE from awin.com --><\/p>\t\t\t\t\t\t\t\t<\/div>\n\t\t\t\t<\/div>\n\t\t\t\t\t<\/div>\n\t\t<\/div>\n\t\t\t\t\t<\/div>\n\t\t<\/section>\n\t\t\t\t<section class=\"elementor-section elementor-top-section elementor-element elementor-element-0f4fd08 elementor-section-boxed elementor-section-height-default elementor-section-height-default\" data-id=\"0f4fd08\" data-element_type=\"section\" data-e-type=\"section\">\n\t\t\t\t\t\t<div class=\"elementor-container elementor-column-gap-default\">\n\t\t\t\t\t<div class=\"elementor-column elementor-col-50 elementor-top-column elementor-element elementor-element-c832a27\" data-id=\"c832a27\" data-element_type=\"column\" data-e-type=\"column\">\n\t\t\t<div class=\"elementor-widget-wrap elementor-element-populated\">\n\t\t\t\t\t\t<div class=\"elementor-element elementor-element-1b6f0d3 elementor-widget elementor-widget-video\" data-id=\"1b6f0d3\" data-element_type=\"widget\" data-e-type=\"widget\" data-settings=\"{&quot;youtube_url&quot;:&quot;https:\\\/\\\/www.youtube.com\\\/watch?v=CYPJXexBMeI&quot;,&quot;video_type&quot;:&quot;youtube&quot;,&quot;controls&quot;:&quot;yes&quot;}\" data-widget_type=\"video.default\">\n\t\t\t\t<div class=\"elementor-widget-container\">\n\t\t\t\t\t\t\t<div class=\"elementor-wrapper elementor-open-inline\">\n\t\t\t<div class=\"elementor-video\"><\/div>\t\t<\/div>\n\t\t\t\t\t\t<\/div>\n\t\t\t\t<\/div>\n\t\t\t\t\t<\/div>\n\t\t<\/div>\n\t\t\t\t<div class=\"elementor-column elementor-col-50 elementor-top-column elementor-element elementor-element-0506b50\" data-id=\"0506b50\" data-element_type=\"column\" data-e-type=\"column\">\n\t\t\t<div class=\"elementor-widget-wrap elementor-element-populated\">\n\t\t\t\t\t\t<div class=\"elementor-element elementor-element-e7f1f11 elementor-widget elementor-widget-video\" data-id=\"e7f1f11\" data-element_type=\"widget\" data-e-type=\"widget\" data-settings=\"{&quot;youtube_url&quot;:&quot;https:\\\/\\\/www.youtube.com\\\/watch?v=VqssNXoQ1Uk&quot;,&quot;video_type&quot;:&quot;youtube&quot;,&quot;controls&quot;:&quot;yes&quot;}\" data-widget_type=\"video.default\">\n\t\t\t\t<div class=\"elementor-widget-container\">\n\t\t\t\t\t\t\t<div class=\"elementor-wrapper elementor-open-inline\">\n\t\t\t<div class=\"elementor-video\"><\/div>\t\t<\/div>\n\t\t\t\t\t\t<\/div>\n\t\t\t\t<\/div>\n\t\t\t\t\t<\/div>\n\t\t<\/div>\n\t\t\t\t\t<\/div>\n\t\t<\/section>\n\t\t\t\t<section class=\"elementor-section elementor-top-section elementor-element elementor-element-809a129 elementor-section-boxed elementor-section-height-default elementor-section-height-default\" data-id=\"809a129\" data-element_type=\"section\" data-e-type=\"section\">\n\t\t\t\t\t\t<div class=\"elementor-container elementor-column-gap-default\">\n\t\t\t\t\t<div class=\"elementor-column elementor-col-16 elementor-top-column elementor-element elementor-element-fee9c77\" data-id=\"fee9c77\" data-element_type=\"column\" data-e-type=\"column\">\n\t\t\t<div class=\"elementor-widget-wrap elementor-element-populated\">\n\t\t\t\t\t\t<div class=\"elementor-element elementor-element-422c8e7 elementor-widget elementor-widget-text-editor\" data-id=\"422c8e7\" data-element_type=\"widget\" data-e-type=\"widget\" data-widget_type=\"text-editor.default\">\n\t\t\t\t<div class=\"elementor-widget-container\">\n\t\t\t\t\t\t\t\t\t<p><a href=\"https:\/\/www.awin1.com\/cread.php?s=2774799&amp;v=21087&amp;q=402739&amp;r=662687\" target=\"_blank\" rel=\"noopener\"><img decoding=\"async\" class=\"alignnone\" src=\"https:\/\/www.awin1.com\/cshow.php?s=2774799&amp;v=21087&amp;q=402739&amp;r=662687\" alt=\"\" width=\"336\" height=\"280\" border=\"0\" \/><\/a><\/p>\t\t\t\t\t\t\t\t<\/div>\n\t\t\t\t<\/div>\n\t\t\t\t\t<\/div>\n\t\t<\/div>\n\t\t\t\t<div class=\"elementor-column elementor-col-66 elementor-top-column elementor-element elementor-element-3719709\" data-id=\"3719709\" data-element_type=\"column\" data-e-type=\"column\">\n\t\t\t<div class=\"elementor-widget-wrap elementor-element-populated\">\n\t\t\t\t\t\t<div class=\"elementor-element elementor-element-587a446 elementor-widget elementor-widget-text-editor\" data-id=\"587a446\" data-element_type=\"widget\" data-e-type=\"widget\" data-widget_type=\"text-editor.default\">\n\t\t\t\t<div class=\"elementor-widget-container\">\n\t\t\t\t\t\t\t\t\t<h6>Online buchen bei\u00a0<strong>Djoser Reisen &#8211; Seit \u00fcber 25 Jahren Kompetenz und Erfahrung als Reiseveranstalter f\u00fcr Fernreisen!<\/strong><br \/><br \/>Eine au\u00dfergew\u00f6hnliche Reisephilosophie &#8211; Gruppenreisen mit viel individueller Freiheit &#8211; reduziert die Vergleichbarkeit mit den Angeboten anderer Anbieter. Durch die Bedeutung im alternativen Gruppenreisesegment ist Djoser ein verl\u00e4sslicher Veranstalter f\u00fcr Reisende, die gute Organisation, abwechslungsreich gestaltete Reiserouten und flexible Zeiteinteilung vor Ort besonders sch\u00e4tzen. Auch f\u00fcr reisefreudige Familien als auch f\u00fcr aktive Reisende mit Wander- und Fahrradreisen hat Djoser weltweite Angebote.<\/h6>\t\t\t\t\t\t\t\t<\/div>\n\t\t\t\t<\/div>\n\t\t\t\t\t<\/div>\n\t\t<\/div>\n\t\t\t\t<div class=\"elementor-column elementor-col-16 elementor-top-column elementor-element elementor-element-9a69cca\" data-id=\"9a69cca\" data-element_type=\"column\" data-e-type=\"column\">\n\t\t\t<div class=\"elementor-widget-wrap elementor-element-populated\">\n\t\t\t\t\t\t<div class=\"elementor-element elementor-element-eda326c elementor-widget elementor-widget-text-editor\" data-id=\"eda326c\" data-element_type=\"widget\" data-e-type=\"widget\" data-widget_type=\"text-editor.default\">\n\t\t\t\t<div class=\"elementor-widget-container\">\n\t\t\t\t\t\t\t\t\t<p><a href=\"https:\/\/www.awin1.com\/cread.php?s=2774714&amp;v=21087&amp;q=402739&amp;r=662687\" target=\"_blank\" rel=\"noopener\"><img loading=\"lazy\" decoding=\"async\" class=\"alignnone\" src=\"https:\/\/www.awin1.com\/cshow.php?s=2774714&amp;v=21087&amp;q=402739&amp;r=662687\" alt=\"\" width=\"336\" height=\"280\" border=\"0\" \/><\/a><\/p>\t\t\t\t\t\t\t\t<\/div>\n\t\t\t\t<\/div>\n\t\t\t\t\t<\/div>\n\t\t<\/div>\n\t\t\t\t\t<\/div>\n\t\t<\/section>\n\t\t\t\t<section class=\"elementor-section elementor-top-section elementor-element elementor-element-d09d287 elementor-section-boxed elementor-section-height-default elementor-section-height-default\" data-id=\"d09d287\" data-element_type=\"section\" data-e-type=\"section\">\n\t\t\t\t\t\t<div class=\"elementor-container elementor-column-gap-default\">\n\t\t\t\t\t<div class=\"elementor-column elementor-col-100 elementor-top-column elementor-element elementor-element-94067f7\" data-id=\"94067f7\" data-element_type=\"column\" data-e-type=\"column\">\n\t\t\t<div class=\"elementor-widget-wrap elementor-element-populated\">\n\t\t\t\t\t\t<div class=\"elementor-element elementor-element-6c782ee elementor-widget elementor-widget-text-editor\" data-id=\"6c782ee\" data-element_type=\"widget\" data-e-type=\"widget\" data-widget_type=\"text-editor.default\">\n\t\t\t\t<div class=\"elementor-widget-container\">\n\t\t\t\t\t\t\t\t\t<h1 class=\"margin-top-sm\" style=\"text-align: center;\">ltur<\/h1><p style=\"text-align: center;\">Europas gr\u00f6\u00dfter Reiseanbieter f\u00fcr Last Minute mit gro\u00dfer Markenbekanntheit<br \/>Super Last Minute Angebote ab 72 Stunden vor Abflug<br \/>Badereisen, City-Trips sowie Familien-, Luxus- und Fernreisen<br \/>T\u00e4glich wechselnde Urlaubsdeals sowie attraktive Rabatte<br \/>Exklusive Top-Angebote, die ausschlie\u00dflich auf ltur.com buchbar sind<br \/>Sicherheit bei jeder Buchung (SSL Verschl\u00fcsselung)<br \/>Trusted Shops K\u00e4uferschutz<br \/>G\u00e4ngige Zahlungsm\u00f6glichkeiten wie Kreditkarte, Lastschriftverfahren und Paypal<\/p>\t\t\t\t\t\t\t\t<\/div>\n\t\t\t\t<\/div>\n\t\t\t\t\t<\/div>\n\t\t<\/div>\n\t\t\t\t\t<\/div>\n\t\t<\/section>\n\t\t\t\t<section class=\"elementor-section elementor-top-section elementor-element elementor-element-7253175 elementor-section-boxed elementor-section-height-default elementor-section-height-default\" data-id=\"7253175\" data-element_type=\"section\" data-e-type=\"section\">\n\t\t\t\t\t\t<div class=\"elementor-container elementor-column-gap-default\">\n\t\t\t\t\t<div class=\"elementor-column elementor-col-100 elementor-top-column elementor-element elementor-element-356adc1\" data-id=\"356adc1\" data-element_type=\"column\" data-e-type=\"column\">\n\t\t\t<div class=\"elementor-widget-wrap elementor-element-populated\">\n\t\t\t\t\t\t<div class=\"elementor-element elementor-element-42fa797 elementor-widget elementor-widget-text-editor\" data-id=\"42fa797\" data-element_type=\"widget\" data-e-type=\"widget\" data-widget_type=\"text-editor.default\">\n\t\t\t\t<div class=\"elementor-widget-container\">\n\t\t\t\t\t\t\t\t\t<p><!-- START ADVERTISER: ltur DE from awin.com --><\/p><p><a href=\"https:\/\/www.awin1.com\/cread.php?s=3322100&amp;v=9139&amp;q=331268&amp;r=662687\" target=\"_blank\" rel=\"noopener sponsored\"><img loading=\"lazy\" decoding=\"async\" class=\"aligncenter\" src=\"https:\/\/www.awin1.com\/cshow.php?s=3322100&amp;v=9139&amp;q=331268&amp;r=662687\" alt=\"\" width=\"800\" height=\"250\" border=\"0\" \/><br \/><\/a><\/p><p><!-- END ADVERTISER: ltur DE from awin.com --><\/p>\t\t\t\t\t\t\t\t<\/div>\n\t\t\t\t<\/div>\n\t\t\t\t\t<\/div>\n\t\t<\/div>\n\t\t\t\t\t<\/div>\n\t\t<\/section>\n\t\t\t\t<\/div>\n\t\t","protected":false},"excerpt":{"rendered":"<p>\u00a0Cluburlaub f\u00fcr Gruppen bei TUI, die Action mit Erholung verbinden Cluburlaub ist die gelungene Mischung aus erholenden und aktionsreichen Elementen. Traumkulissen, nette Menschen, tolle Wellness- und Unterhaltungsprogramme sowie hervorragende kulinarische K\u00f6stlichkeiten bereichern den gemeinsamen Urlaub. Sei es Urlaub mit der Clique, den Kollegen oder zum bestandenen Abi auf Mallorca, in der T\u00fcrkei, in Hamburg oder [&hellip;]<\/p>\n","protected":false},"author":1,"featured_media":8732,"parent":0,"menu_order":0,"comment_status":"closed","ping_status":"closed","template":"elementor_header_footer","meta":{"_monsterinsights_skip_tracking":false,"_monsterinsights_sitenote_active":false,"_monsterinsights_sitenote_note":"","_monsterinsights_sitenote_category":0,"footnotes":""},"class_list":["post-7097","page","type-page","status-publish","has-post-thumbnail","hentry"],"aioseo_notices":[],"_links":{"self":[{"href":"https:\/\/www.reisetipps24.eu\/wp-json\/wp\/v2\/pages\/7097","targetHints":{"allow":["GET"]}}],"collection":[{"href":"https:\/\/www.reisetipps24.eu\/wp-json\/wp\/v2\/pages"}],"about":[{"href":"https:\/\/www.reisetipps24.eu\/wp-json\/wp\/v2\/types\/page"}],"author":[{"embeddable":true,"href":"https:\/\/www.reisetipps24.eu\/wp-json\/wp\/v2\/users\/1"}],"replies":[{"embeddable":true,"href":"https:\/\/www.reisetipps24.eu\/wp-json\/wp\/v2\/comments?post=7097"}],"version-history":[{"count":10,"href":"https:\/\/www.reisetipps24.eu\/wp-json\/wp\/v2\/pages\/7097\/revisions"}],"predecessor-version":[{"id":8778,"href":"https:\/\/www.reisetipps24.eu\/wp-json\/wp\/v2\/pages\/7097\/revisions\/8778"}],"wp:featuredmedia":[{"embeddable":true,"href":"https:\/\/www.reisetipps24.eu\/wp-json\/wp\/v2\/media\/8732"}],"wp:attachment":[{"href":"https:\/\/www.reisetipps24.eu\/wp-json\/wp\/v2\/media?parent=7097"}],"curies":[{"name":"wp","href":"https:\/\/api.w.org\/{rel}","templated":true}]}}