{"id":4682,"date":"2020-04-06T18:16:10","date_gmt":"2020-04-06T16:16:10","guid":{"rendered":"http:\/\/www.reisetipps24.eu\/?page_id=4682"},"modified":"2023-10-01T13:48:45","modified_gmt":"2023-10-01T11:48:45","slug":"internet-unternehmer","status":"publish","type":"page","link":"https:\/\/www.reisetipps24.eu\/?page_id=4682","title":{"rendered":"Internet Unternehmer"},"content":{"rendered":"\t\t<div data-elementor-type=\"wp-page\" data-elementor-id=\"4682\" class=\"elementor elementor-4682\" data-elementor-post-type=\"page\">\n\t\t\t\t\t\t<section class=\"elementor-section elementor-top-section elementor-element elementor-element-2c291d9 elementor-section-full_width elementor-section-height-default elementor-section-height-default\" data-id=\"2c291d9\" data-element_type=\"section\" data-e-type=\"section\">\n\t\t\t\t\t\t<div class=\"elementor-container elementor-column-gap-default\">\n\t\t\t\t\t<div class=\"elementor-column elementor-col-100 elementor-top-column elementor-element elementor-element-8ee3cd9\" data-id=\"8ee3cd9\" data-element_type=\"column\" data-e-type=\"column\">\n\t\t\t<div class=\"elementor-widget-wrap elementor-element-populated\">\n\t\t\t\t\t\t<div class=\"elementor-element elementor-element-7b13fbb elementor-widget elementor-widget-heading\" data-id=\"7b13fbb\" data-element_type=\"widget\" data-e-type=\"widget\" data-widget_type=\"heading.default\">\n\t\t\t\t<div class=\"elementor-widget-container\">\n\t\t\t\t\t<h2 class=\"elementor-heading-title elementor-size-large\">Werde Internet Unternehmer<\/h2>\t\t\t\t<\/div>\n\t\t\t\t<\/div>\n\t\t\t\t\t<\/div>\n\t\t<\/div>\n\t\t\t\t\t<\/div>\n\t\t<\/section>\n\t\t\t\t<section class=\"elementor-section elementor-top-section elementor-element elementor-element-9fca92a elementor-section-full_width elementor-section-height-default elementor-section-height-default\" data-id=\"9fca92a\" data-element_type=\"section\" data-e-type=\"section\">\n\t\t\t\t\t\t<div class=\"elementor-container elementor-column-gap-default\">\n\t\t\t\t\t<div class=\"elementor-column elementor-col-100 elementor-top-column elementor-element elementor-element-6733900\" data-id=\"6733900\" data-element_type=\"column\" data-e-type=\"column\">\n\t\t\t<div class=\"elementor-widget-wrap elementor-element-populated\">\n\t\t\t\t\t\t<div class=\"elementor-element elementor-element-21f239b elementor-widget elementor-widget-image\" data-id=\"21f239b\" data-element_type=\"widget\" data-e-type=\"widget\" data-widget_type=\"image.default\">\n\t\t\t\t<div class=\"elementor-widget-container\">\n\t\t\t\t\t\t\t\t\t\t\t\t\t\t\t<img decoding=\"async\" src=\"https:\/\/www.reisetipps24.eu\/wp-content\/uploads\/2020\/04\/woman-1733881-scaled.jpg\" title=\"woman-1733881\" alt=\"woman-1733881\" loading=\"lazy\" \/>\t\t\t\t\t\t\t\t\t\t\t\t\t\t\t<\/div>\n\t\t\t\t<\/div>\n\t\t\t\t\t<\/div>\n\t\t<\/div>\n\t\t\t\t\t<\/div>\n\t\t<\/section>\n\t\t\t\t<section class=\"elementor-section elementor-top-section elementor-element elementor-element-271fb0a elementor-section-full_width elementor-section-height-default elementor-section-height-default\" data-id=\"271fb0a\" data-element_type=\"section\" data-e-type=\"section\">\n\t\t\t\t\t\t<div class=\"elementor-container elementor-column-gap-default\">\n\t\t\t\t\t<div class=\"elementor-column elementor-col-100 elementor-top-column elementor-element elementor-element-ecdb110\" data-id=\"ecdb110\" data-element_type=\"column\" data-e-type=\"column\">\n\t\t\t<div class=\"elementor-widget-wrap elementor-element-populated\">\n\t\t\t\t\t\t<div class=\"elementor-element elementor-element-b4fd520 elementor-widget elementor-widget-heading\" data-id=\"b4fd520\" data-element_type=\"widget\" data-e-type=\"widget\" data-widget_type=\"heading.default\">\n\t\t\t\t<div class=\"elementor-widget-container\">\n\t\t\t\t\t<h2 class=\"elementor-heading-title elementor-size-medium\">Gro\u00dfartige M\u00f6glichkeiten mehr zu erfahren <\/h2>\t\t\t\t<\/div>\n\t\t\t\t<\/div>\n\t\t\t\t\t<\/div>\n\t\t<\/div>\n\t\t\t\t\t<\/div>\n\t\t<\/section>\n\t\t\t\t<section class=\"elementor-section elementor-top-section elementor-element elementor-element-61f96c2 elementor-section-boxed elementor-section-height-default elementor-section-height-default\" data-id=\"61f96c2\" data-element_type=\"section\" data-e-type=\"section\">\n\t\t\t\t\t\t\t<div class=\"elementor-background-overlay\"><\/div>\n\t\t\t\t\t\t\t<div class=\"elementor-container elementor-column-gap-default\">\n\t\t\t\t\t<div class=\"elementor-column elementor-col-100 elementor-top-column elementor-element elementor-element-4dc3e83\" data-id=\"4dc3e83\" data-element_type=\"column\" data-e-type=\"column\" data-settings=\"{&quot;background_background&quot;:&quot;classic&quot;}\">\n\t\t\t<div class=\"elementor-widget-wrap elementor-element-populated\">\n\t\t\t\t\t\t<div class=\"elementor-element elementor-element-64bcce9 elementor-widget elementor-widget-text-editor\" data-id=\"64bcce9\" data-element_type=\"widget\" data-e-type=\"widget\" data-widget_type=\"text-editor.default\">\n\t\t\t\t<div class=\"elementor-widget-container\">\n\t\t\t\t\t\t\t\t\t<h1 style=\"text-align: center;\"><a href=\"http:\/\/go.GnaDENLOS.156731.digistore24.com\" target=\"_blank\" rel=\"noopener\">IMMER AUSGEBUCHT<span style=\"color: #ff0000;\">\u00a0 HIER KLICKEN<\/span><\/a><\/h1><p><img decoding=\"async\" src=\"https:\/\/eom-zhiconsultinggmb.netdna-ssl.com\/wp-content\/uploads\/2016\/01\/immer-ausgbeucht-book-mockup-set3-1-300x478.png\" width=\"130\" height=\"207\" \/><img decoding=\"async\" class=\"\" src=\"https:\/\/eom-zhiconsultinggmb.netdna-ssl.com\/wp-content\/uploads\/2016\/01\/immer-ausgbeucht-book-mockup-set3-1-300x478.png\" width=\"134\" height=\"214\" \/><img decoding=\"async\" src=\"https:\/\/eom-zhiconsultinggmb.netdna-ssl.com\/wp-content\/uploads\/2016\/01\/immer-ausgbeucht-book-mockup-set3-1-300x478.png\" width=\"137\" height=\"219\" \/> <img loading=\"lazy\" decoding=\"async\" src=\"https:\/\/eom-zhiconsultinggmb.netdna-ssl.com\/wp-content\/uploads\/2016\/01\/immer-ausgbeucht-book-mockup-set3-1-300x478.png\" width=\"145\" height=\"231\" \/><img loading=\"lazy\" decoding=\"async\" class=\"\" src=\"https:\/\/eom-zhiconsultinggmb.netdna-ssl.com\/wp-content\/uploads\/2016\/01\/immer-ausgbeucht-book-mockup-set3-1-300x478.png\" width=\"149\" height=\"237\" \/><img loading=\"lazy\" decoding=\"async\" class=\"\" src=\"https:\/\/eom-zhiconsultinggmb.netdna-ssl.com\/wp-content\/uploads\/2016\/01\/immer-ausgbeucht-book-mockup-set3-1-300x478.png\" width=\"156\" height=\"249\" \/><img loading=\"lazy\" decoding=\"async\" class=\"\" src=\"https:\/\/eom-zhiconsultinggmb.netdna-ssl.com\/wp-content\/uploads\/2016\/01\/immer-ausgbeucht-book-mockup-set3-1-300x478.png\" width=\"166\" height=\"264\" \/><\/p><h2 style=\"text-align: center;\"><strong>Worum geht\u2019s?<\/strong><\/h2><h6><br \/><strong>Wie du dich als Experte positionierst und automatisiert verkaufst.<\/strong>\u00a0Das Online-Marketing Praxishandbuch f\u00fcr Coaches, Trainer und alle, die sich f\u00fcr ein Online-Business interessieren.<br \/><br \/>Erkennst du dich auch darin wieder:<\/h6><ul><li><h6>Du m\u00f6chtest dich erfolgreich als Experte positionieren?<\/h6><\/li><li><h6>Du willst wissen, welche Social-Media und Online-Marketing-Strategien f\u00fcr Kundengewinnung am besten funktionieren?<\/h6><\/li><li><h6>Du suchst nach Online-Tools, mit denen du viel Zeit und Kosten sparen kannst?<\/h6><\/li><li><h6>Du m\u00f6chtest wissen, wie du die Kundenbindung online st\u00e4rken kannst?<\/h6><\/li><li><h6>Du suchst nach einer bew\u00e4hrten L\u00f6sung, wie man eine Website erstellt, die automatisiert verkauft und laufend passives Einkommen generiert?<\/h6><\/li><\/ul>\t\t\t\t\t\t\t\t<\/div>\n\t\t\t\t<\/div>\n\t\t\t\t\t<\/div>\n\t\t<\/div>\n\t\t\t\t\t<\/div>\n\t\t<\/section>\n\t\t\t\t<section class=\"elementor-section elementor-top-section elementor-element elementor-element-339ffe6 elementor-section-boxed elementor-section-height-default elementor-section-height-default\" data-id=\"339ffe6\" data-element_type=\"section\" data-e-type=\"section\">\n\t\t\t\t\t\t<div class=\"elementor-container elementor-column-gap-default\">\n\t\t\t\t\t<div class=\"elementor-column elementor-col-16 elementor-top-column elementor-element elementor-element-eef1e47\" data-id=\"eef1e47\" data-element_type=\"column\" data-e-type=\"column\">\n\t\t\t<div class=\"elementor-widget-wrap\">\n\t\t\t\t\t\t\t<\/div>\n\t\t<\/div>\n\t\t\t\t<div class=\"elementor-column elementor-col-66 elementor-top-column elementor-element elementor-element-afcae2e\" data-id=\"afcae2e\" data-element_type=\"column\" data-e-type=\"column\">\n\t\t\t<div class=\"elementor-widget-wrap elementor-element-populated\">\n\t\t\t\t\t\t<div class=\"elementor-element elementor-element-07f9b2a elementor-widget elementor-widget-text-editor\" data-id=\"07f9b2a\" data-element_type=\"widget\" data-e-type=\"widget\" data-widget_type=\"text-editor.default\">\n\t\t\t\t<div class=\"elementor-widget-container\">\n\t\t\t\t\t\t\t\t\t<p style=\"text-align: center;\"><a style=\"border: none;\" href=\"http:\/\/&lt;iframe src=&quot;https:\/\/rcm-eu.amazon-adsystem.com\/e\/cm?o=3&amp;p=288&amp;l=ez&amp;f=ifr&amp;linkID=35c2f9f1ce13f0fe86f13686b717b7aa&amp;t=kurtfelix1951-21&amp;tracking_id=kurtfelix1951-21&quot; width=&quot;320&quot; height=&quot;50&quot; scrolling=&quot;no&quot; border=&quot;0&quot; marginwidth=&quot;0&quot; style=&quot;border:none;&quot; frameborder=&quot;0&quot;&gt;&lt;\/iframe&gt;\" target=\"_blank\" rel=\"noopener\" data-wplink-url-error=\"true\"><iframe style=\"border: none;\" src=\"https:\/\/rcm-eu.amazon-adsystem.com\/e\/cm?o=3&amp;p=288&amp;l=ez&amp;f=ifr&amp;linkID=35c2f9f1ce13f0fe86f13686b717b7aa&amp;t=kurtfelix1951-21&amp;tracking_id=kurtfelix1951-21\" width=\"320\" height=\"50\" frameborder=\"0\" marginwidth=\"0\" scrolling=\"no\"><\/iframe><\/a><\/p>\t\t\t\t\t\t\t\t<\/div>\n\t\t\t\t<\/div>\n\t\t\t\t\t<\/div>\n\t\t<\/div>\n\t\t\t\t<div class=\"elementor-column elementor-col-16 elementor-top-column elementor-element elementor-element-fe64a17\" data-id=\"fe64a17\" data-element_type=\"column\" data-e-type=\"column\">\n\t\t\t<div class=\"elementor-widget-wrap\">\n\t\t\t\t\t\t\t<\/div>\n\t\t<\/div>\n\t\t\t\t\t<\/div>\n\t\t<\/section>\n\t\t\t\t<\/div>\n\t\t","protected":false},"excerpt":{"rendered":"<p>Werde Internet Unternehmer Gro\u00dfartige M\u00f6glichkeiten mehr zu erfahren IMMER AUSGEBUCHT&nbsp; HIER KLICKEN Worum geht\u2019s? Wie du dich als Experte positionierst und automatisiert verkaufst.&nbsp;Das Online-Marketing Praxishandbuch f\u00fcr Coaches, Trainer und alle, die sich f\u00fcr ein Online-Business interessieren. Erkennst du dich auch darin wieder: Du m\u00f6chtest dich erfolgreich als Experte positionieren? Du willst wissen, welche Social-Media und [&hellip;]<\/p>\n","protected":false},"author":1,"featured_media":0,"parent":0,"menu_order":0,"comment_status":"closed","ping_status":"closed","template":"elementor_header_footer","meta":{"_monsterinsights_skip_tracking":false,"_monsterinsights_sitenote_active":false,"_monsterinsights_sitenote_note":"","_monsterinsights_sitenote_category":0,"footnotes":""},"class_list":["post-4682","page","type-page","status-publish","hentry"],"aioseo_notices":[],"jetpack_sharing_enabled":true,"_links":{"self":[{"href":"https:\/\/www.reisetipps24.eu\/index.php?rest_route=\/wp\/v2\/pages\/4682","targetHints":{"allow":["GET"]}}],"collection":[{"href":"https:\/\/www.reisetipps24.eu\/index.php?rest_route=\/wp\/v2\/pages"}],"about":[{"href":"https:\/\/www.reisetipps24.eu\/index.php?rest_route=\/wp\/v2\/types\/page"}],"author":[{"embeddable":true,"href":"https:\/\/www.reisetipps24.eu\/index.php?rest_route=\/wp\/v2\/users\/1"}],"replies":[{"embeddable":true,"href":"https:\/\/www.reisetipps24.eu\/index.php?rest_route=%2Fwp%2Fv2%2Fcomments&post=4682"}],"version-history":[{"count":10,"href":"https:\/\/www.reisetipps24.eu\/index.php?rest_route=\/wp\/v2\/pages\/4682\/revisions"}],"predecessor-version":[{"id":7656,"href":"https:\/\/www.reisetipps24.eu\/index.php?rest_route=\/wp\/v2\/pages\/4682\/revisions\/7656"}],"wp:attachment":[{"href":"https:\/\/www.reisetipps24.eu\/index.php?rest_route=%2Fwp%2Fv2%2Fmedia&parent=4682"}],"curies":[{"name":"wp","href":"https:\/\/api.w.org\/{rel}","templated":true}]}}